{"id":56,"date":"2025-04-16T17:05:57","date_gmt":"2025-04-16T15:05:57","guid":{"rendered":"http:\/\/hyxaase.cluster100.hosting.ovh.net\/?page_id=56"},"modified":"2026-01-15T10:23:04","modified_gmt":"2026-01-15T09:23:04","slug":"loreille-dhulotte","status":"publish","type":"page","link":"http:\/\/hyxaase.cluster100.hosting.ovh.net\/index.php\/loreille-dhulotte\/","title":{"rendered":"L&#8217;oreille d&#8217;Hulotte"},"content":{"rendered":"\t\t<div data-elementor-type=\"wp-page\" data-elementor-id=\"56\" class=\"elementor elementor-56\">\n\t\t\t\t<div class=\"elementor-element elementor-element-f7fe281 e-flex e-con-boxed e-con e-parent\" data-id=\"f7fe281\" data-element_type=\"container\">\n\t\t\t\t\t<div class=\"e-con-inner\">\n\t\t\t\t<div class=\"elementor-element elementor-element-2db5ed4 elementor-widget elementor-widget-image\" data-id=\"2db5ed4\" data-element_type=\"widget\" data-widget_type=\"image.default\">\n\t\t\t\t<div class=\"elementor-widget-container\">\n\t\t\t\t\t\t\t\t\t\t\t\t\t\t\t<img fetchpriority=\"high\" decoding=\"async\" width=\"300\" height=\"300\" src=\"http:\/\/hyxaase.cluster100.hosting.ovh.net\/wp-content\/uploads\/2025\/05\/territoire-et-sobriete.jpeg\" class=\"attachment-large size-large wp-image-164\" alt=\"\" srcset=\"http:\/\/hyxaase.cluster100.hosting.ovh.net\/wp-content\/uploads\/2025\/05\/territoire-et-sobriete.jpeg 300w, http:\/\/hyxaase.cluster100.hosting.ovh.net\/wp-content\/uploads\/2025\/05\/territoire-et-sobriete-150x150.jpeg 150w\" sizes=\"(max-width: 300px) 100vw, 300px\" \/>\t\t\t\t\t\t\t\t\t\t\t\t\t\t\t<\/div>\n\t\t\t\t<\/div>\n\t\t\t\t\t<\/div>\n\t\t\t\t<\/div>\n\t\t<div class=\"elementor-element elementor-element-ce1c461 e-flex e-con-boxed e-con e-parent\" data-id=\"ce1c461\" data-element_type=\"container\">\n\t\t\t\t\t<div class=\"e-con-inner\">\n\t\t\t\t<div class=\"elementor-element elementor-element-eb4320c elementor-widget elementor-widget-heading\" data-id=\"eb4320c\" data-element_type=\"widget\" data-widget_type=\"heading.default\">\n\t\t\t\t<div class=\"elementor-widget-container\">\n\t\t\t\t\t<h2 class=\"elementor-heading-title elementor-size-default\">Et si on se posait les bonnes questions pour acc\u00e9l\u00e9rer la transition \u00e9cologique des collectivit\u00e9s ? Dans \"Territoires & Sobri\u00e9t\u00e9\", le podcast de l'ADEME et du minist\u00e8re de la transition \u00e9cologique, les acteurs de nos territoires prennent la parole pour vous partager leurs t\u00e9moignages et initiatives en faveur de la sobri\u00e9t\u00e9 mat\u00e9rielle. Romain Poisot, pour Hulotte Production dresse les portraits de ces collectivit\u00e9s qui ont franchi le pas, gr\u00e2ce au soutien de l\u2019ADEME. <\/h2>\t\t\t\t<\/div>\n\t\t\t\t<\/div>\n\t\t\t\t\t<\/div>\n\t\t\t\t<\/div>\n\t\t<div class=\"elementor-element elementor-element-6b9b1b0 e-flex e-con-boxed e-con e-parent\" data-id=\"6b9b1b0\" data-element_type=\"container\">\n\t\t\t\t\t<div class=\"e-con-inner\">\n\t\t\t\t<div class=\"elementor-element elementor-element-9e78b5d elementor-widget elementor-widget-button\" data-id=\"9e78b5d\" data-element_type=\"widget\" data-widget_type=\"button.default\">\n\t\t\t\t<div class=\"elementor-widget-container\">\n\t\t\t\t\t\t\t\t\t<div class=\"elementor-button-wrapper\">\n\t\t\t\t\t<a class=\"elementor-button elementor-button-link elementor-size-sm\" href=\"https:\/\/rmc.bfmtv.com\/podcasts\/territoires-et-sobriete\/\">\n\t\t\t\t\t\t<span class=\"elementor-button-content-wrapper\">\n\t\t\t\t\t\t\t\t\t<span class=\"elementor-button-text\">Territoires et sobri\u00e9t\u00e9<\/span>\n\t\t\t\t\t<\/span>\n\t\t\t\t\t<\/a>\n\t\t\t\t<\/div>\n\t\t\t\t\t\t\t\t<\/div>\n\t\t\t\t<\/div>\n\t\t\t\t\t<\/div>\n\t\t\t\t<\/div>\n\t\t\t\t<\/div>\n\t\t","protected":false},"excerpt":{"rendered":"<p>Et si on se posait les bonnes questions pour acc\u00e9l\u00e9rer la transition \u00e9cologique des collectivit\u00e9s ? Dans &#8220;Territoires &#038; Sobri\u00e9t\u00e9&#8221;, le podcast de l&#8217;ADEME et du minist\u00e8re de la transition \u00e9cologique, les acteurs de nos territoires prennent la parole pour vous partager leurs t\u00e9moignages et initiatives en faveur de la sobri\u00e9t\u00e9 mat\u00e9rielle. Romain Poisot, pour [&hellip;]<\/p>\n","protected":false},"author":1,"featured_media":0,"parent":0,"menu_order":0,"comment_status":"closed","ping_status":"closed","template":"page-right-sidebar","meta":{"footnotes":""},"class_list":["post-56","page","type-page","status-publish","hentry"],"_links":{"self":[{"href":"http:\/\/hyxaase.cluster100.hosting.ovh.net\/index.php\/wp-json\/wp\/v2\/pages\/56","targetHints":{"allow":["GET"]}}],"collection":[{"href":"http:\/\/hyxaase.cluster100.hosting.ovh.net\/index.php\/wp-json\/wp\/v2\/pages"}],"about":[{"href":"http:\/\/hyxaase.cluster100.hosting.ovh.net\/index.php\/wp-json\/wp\/v2\/types\/page"}],"author":[{"embeddable":true,"href":"http:\/\/hyxaase.cluster100.hosting.ovh.net\/index.php\/wp-json\/wp\/v2\/users\/1"}],"replies":[{"embeddable":true,"href":"http:\/\/hyxaase.cluster100.hosting.ovh.net\/index.php\/wp-json\/wp\/v2\/comments?post=56"}],"version-history":[{"count":19,"href":"http:\/\/hyxaase.cluster100.hosting.ovh.net\/index.php\/wp-json\/wp\/v2\/pages\/56\/revisions"}],"predecessor-version":[{"id":207,"href":"http:\/\/hyxaase.cluster100.hosting.ovh.net\/index.php\/wp-json\/wp\/v2\/pages\/56\/revisions\/207"}],"wp:attachment":[{"href":"http:\/\/hyxaase.cluster100.hosting.ovh.net\/index.php\/wp-json\/wp\/v2\/media?parent=56"}],"curies":[{"name":"wp","href":"https:\/\/api.w.org\/{rel}","templated":true}]}}