{"id":54,"date":"2025-04-16T17:05:11","date_gmt":"2025-04-16T15:05:11","guid":{"rendered":"http:\/\/hyxaase.cluster100.hosting.ovh.net\/?page_id=54"},"modified":"2026-01-15T10:15:55","modified_gmt":"2026-01-15T09:15:55","slug":"loeil-dhulotte","status":"publish","type":"page","link":"http:\/\/hyxaase.cluster100.hosting.ovh.net\/index.php\/loeil-dhulotte\/","title":{"rendered":"L&#8217;oeil d&#8217;Hulotte"},"content":{"rendered":"\t\t<div data-elementor-type=\"wp-page\" data-elementor-id=\"54\" class=\"elementor elementor-54\">\n\t\t\t\t<div class=\"elementor-element elementor-element-e7e1880 e-flex e-con-boxed e-con e-parent\" data-id=\"e7e1880\" data-element_type=\"container\">\n\t\t\t\t\t<div class=\"e-con-inner\">\n\t\t\t\t<div class=\"elementor-element elementor-element-0154876 elementor-widget elementor-widget-video\" data-id=\"0154876\" data-element_type=\"widget\" data-settings=\"{&quot;youtube_url&quot;:&quot;https:\\\/\\\/youtu.be\\\/6N2dYr5jXhI&quot;,&quot;video_type&quot;:&quot;youtube&quot;,&quot;controls&quot;:&quot;yes&quot;}\" data-widget_type=\"video.default\">\n\t\t\t\t<div class=\"elementor-widget-container\">\n\t\t\t\t\t\t\t<div class=\"elementor-wrapper elementor-open-inline\">\n\t\t\t<div class=\"elementor-video\"><\/div>\t\t<\/div>\n\t\t\t\t\t\t<\/div>\n\t\t\t\t<\/div>\n\t\t\t\t<div class=\"elementor-element elementor-element-5206144 elementor-widget elementor-widget-heading\" data-id=\"5206144\" data-element_type=\"widget\" data-widget_type=\"heading.default\">\n\t\t\t\t<div class=\"elementor-widget-container\">\n\t\t\t\t\t<h2 class=\"elementor-heading-title elementor-size-default\">Mini s\u00e9rie documentaire mettant en valeur les agents municipaux de Fontainebleau, De l'humain, du naturel, c'est la griffe d'Hulotte Production. \nVid\u00e9o r\u00e9alis\u00e9e pour la ville de Fontainebleau en janvier 2026<\/h2>\t\t\t\t<\/div>\n\t\t\t\t<\/div>\n\t\t\t\t<div class=\"elementor-element elementor-element-fb56252 elementor-widget elementor-widget-video\" data-id=\"fb56252\" data-element_type=\"widget\" data-settings=\"{&quot;youtube_url&quot;:&quot;https:\\\/\\\/www.youtube.com\\\/watch?v=IID03QnJEdg&quot;,&quot;video_type&quot;:&quot;youtube&quot;,&quot;controls&quot;:&quot;yes&quot;}\" data-widget_type=\"video.default\">\n\t\t\t\t<div class=\"elementor-widget-container\">\n\t\t\t\t\t\t\t<div class=\"elementor-wrapper elementor-open-inline\">\n\t\t\t<div class=\"elementor-video\"><\/div>\t\t<\/div>\n\t\t\t\t\t\t<\/div>\n\t\t\t\t<\/div>\n\t\t\t\t\t<\/div>\n\t\t\t\t<\/div>\n\t\t<div class=\"elementor-element elementor-element-b39639c e-con-full e-flex e-con e-parent\" data-id=\"b39639c\" data-element_type=\"container\">\n\t\t\t\t<div class=\"elementor-element elementor-element-b4bbb43 elementor-widget elementor-widget-heading\" data-id=\"b4bbb43\" data-element_type=\"widget\" data-widget_type=\"heading.default\">\n\t\t\t\t<div class=\"elementor-widget-container\">\n\t\t\t\t\t<h2 class=\"elementor-heading-title elementor-size-default\">Tout commence \u00e0 Fontainebleau.\nDes blocs, des chutes\u2026 et une id\u00e9e nouvelle.\nI\u2019BBZ, premier crash pad en France.<\/h2>\t\t\t\t<\/div>\n\t\t\t\t<\/div>\n\t\t\t\t<div class=\"elementor-element elementor-element-bc029ef elementor-widget elementor-widget-video\" data-id=\"bc029ef\" data-element_type=\"widget\" data-settings=\"{&quot;youtube_url&quot;:&quot;https:\\\/\\\/youtu.be\\\/L99Na33pt_A&quot;,&quot;video_type&quot;:&quot;youtube&quot;,&quot;controls&quot;:&quot;yes&quot;}\" data-widget_type=\"video.default\">\n\t\t\t\t<div class=\"elementor-widget-container\">\n\t\t\t\t\t\t\t<div class=\"elementor-wrapper elementor-open-inline\">\n\t\t\t<div class=\"elementor-video\"><\/div>\t\t<\/div>\n\t\t\t\t\t\t<\/div>\n\t\t\t\t<\/div>\n\t\t\t\t<div class=\"elementor-element elementor-element-7da6ec4 elementor-widget elementor-widget-heading\" data-id=\"7da6ec4\" data-element_type=\"widget\" data-widget_type=\"heading.default\">\n\t\t\t\t<div class=\"elementor-widget-container\">\n\t\t\t\t\t<h2 class=\"elementor-heading-title elementor-size-default\">Arm\u00e9nie la valse macabre: un documentaire sur cette jeunesse arm\u00e9nienne profond\u00e9ment marqu\u00e9e par la guerre avec l'Azerba\u00efdjan<\/h2>\t\t\t\t<\/div>\n\t\t\t\t<\/div>\n\t\t\t\t<\/div>\n\t\t\t\t<\/div>\n\t\t","protected":false},"excerpt":{"rendered":"<p>Mini s\u00e9rie documentaire mettant en valeur les agents municipaux de Fontainebleau, De l&#8217;humain, du naturel, c&#8217;est la griffe d&#8217;Hulotte Production. Vid\u00e9o r\u00e9alis\u00e9e pour la ville de Fontainebleau en janvier 2026 Tout commence \u00e0 Fontainebleau. Des blocs, des chutes\u2026 et une id\u00e9e nouvelle. I\u2019BBZ, premier crash pad en France. https:\/\/youtu.be\/L99Na33pt_A Arm\u00e9nie la valse macabre: un documentaire [&hellip;]<\/p>\n","protected":false},"author":1,"featured_media":0,"parent":0,"menu_order":0,"comment_status":"closed","ping_status":"closed","template":"page-right-sidebar","meta":{"footnotes":""},"class_list":["post-54","page","type-page","status-publish","hentry"],"_links":{"self":[{"href":"http:\/\/hyxaase.cluster100.hosting.ovh.net\/index.php\/wp-json\/wp\/v2\/pages\/54","targetHints":{"allow":["GET"]}}],"collection":[{"href":"http:\/\/hyxaase.cluster100.hosting.ovh.net\/index.php\/wp-json\/wp\/v2\/pages"}],"about":[{"href":"http:\/\/hyxaase.cluster100.hosting.ovh.net\/index.php\/wp-json\/wp\/v2\/types\/page"}],"author":[{"embeddable":true,"href":"http:\/\/hyxaase.cluster100.hosting.ovh.net\/index.php\/wp-json\/wp\/v2\/users\/1"}],"replies":[{"embeddable":true,"href":"http:\/\/hyxaase.cluster100.hosting.ovh.net\/index.php\/wp-json\/wp\/v2\/comments?post=54"}],"version-history":[{"count":10,"href":"http:\/\/hyxaase.cluster100.hosting.ovh.net\/index.php\/wp-json\/wp\/v2\/pages\/54\/revisions"}],"predecessor-version":[{"id":204,"href":"http:\/\/hyxaase.cluster100.hosting.ovh.net\/index.php\/wp-json\/wp\/v2\/pages\/54\/revisions\/204"}],"wp:attachment":[{"href":"http:\/\/hyxaase.cluster100.hosting.ovh.net\/index.php\/wp-json\/wp\/v2\/media?parent=54"}],"curies":[{"name":"wp","href":"https:\/\/api.w.org\/{rel}","templated":true}]}}