{"id":47,"date":"2025-04-16T16:49:38","date_gmt":"2025-04-16T14:49:38","guid":{"rendered":"http:\/\/hyxaase.cluster100.hosting.ovh.net\/?page_id=47"},"modified":"2025-05-15T16:55:13","modified_gmt":"2025-05-15T14:55:13","slug":"a-propos","status":"publish","type":"page","link":"http:\/\/hyxaase.cluster100.hosting.ovh.net\/index.php\/a-propos\/","title":{"rendered":"A propos"},"content":{"rendered":"\t\t<div data-elementor-type=\"wp-page\" data-elementor-id=\"47\" class=\"elementor elementor-47\">\n\t\t\t\t<div class=\"elementor-element elementor-element-0368490 e-flex e-con-boxed e-con e-parent\" data-id=\"0368490\" data-element_type=\"container\">\n\t\t\t\t\t<div class=\"e-con-inner\">\n\t\t\t\t<div class=\"elementor-element elementor-element-13c8f55 elementor-widget elementor-widget-heading\" data-id=\"13c8f55\" data-element_type=\"widget\" data-widget_type=\"heading.default\">\n\t\t\t\t<div class=\"elementor-widget-container\">\n\t\t\t\t\t<h2 class=\"elementor-heading-title elementor-size-default\">A propos de Romain Poisot<\/h2>\t\t\t\t<\/div>\n\t\t\t\t<\/div>\n\t\t\t\t\t<\/div>\n\t\t\t\t<\/div>\n\t\t<div class=\"elementor-element elementor-element-d6312de e-flex e-con-boxed e-con e-parent\" data-id=\"d6312de\" data-element_type=\"container\">\n\t\t\t\t\t<div class=\"e-con-inner\">\n\t\t\t\t<div class=\"elementor-element elementor-element-386e977 elementor-widget elementor-widget-image\" data-id=\"386e977\" data-element_type=\"widget\" data-widget_type=\"image.default\">\n\t\t\t\t<div class=\"elementor-widget-container\">\n\t\t\t\t\t\t\t\t\t\t\t\t\t\t\t<img fetchpriority=\"high\" decoding=\"async\" width=\"232\" height=\"300\" src=\"http:\/\/hyxaase.cluster100.hosting.ovh.net\/wp-content\/uploads\/2025\/05\/PHOTO-2023-10-23-09-51-13-e1747224855430-232x300.jpg\" class=\"attachment-medium size-medium wp-image-141\" alt=\"\" srcset=\"http:\/\/hyxaase.cluster100.hosting.ovh.net\/wp-content\/uploads\/2025\/05\/PHOTO-2023-10-23-09-51-13-e1747224855430-232x300.jpg 232w, http:\/\/hyxaase.cluster100.hosting.ovh.net\/wp-content\/uploads\/2025\/05\/PHOTO-2023-10-23-09-51-13-e1747224855430.jpg 390w\" sizes=\"(max-width: 232px) 100vw, 232px\" \/>\t\t\t\t\t\t\t\t\t\t\t\t\t\t\t<\/div>\n\t\t\t\t<\/div>\n\t\t\t\t\t<\/div>\n\t\t\t\t<\/div>\n\t\t<div class=\"elementor-element elementor-element-f0bbe2d e-con-full e-flex e-con e-parent\" data-id=\"f0bbe2d\" data-element_type=\"container\">\n\t\t\t\t<div class=\"elementor-element elementor-element-858c4dc elementor-widget elementor-widget-text-editor\" data-id=\"858c4dc\" data-element_type=\"widget\" data-widget_type=\"text-editor.default\">\n\t\t\t\t<div class=\"elementor-widget-container\">\n\t\t\t\t\t\t\t\t\t<p class=\"\" data-start=\"333\" data-end=\"670\">Je suis journaliste depuis plus de 15 ans, d&#8217;abord pour <strong>Radio France<\/strong> puis <strong data-start=\"398\" data-end=\"405\">RMC<\/strong> et\u00a0<strong data-start=\"414\" data-end=\"427\">RMC Story. <\/strong>Je travaille aussi bien en vid\u00e9o qu&#8217;en\u00a0radio avec une exigence constante sur le fond comme sur la forme.<\/p><p class=\"\" data-start=\"672\" data-end=\"1059\">Au fil des ann\u00e9es j&#8217;ai aff\u00fbt\u00e9 mon regard\u00a0 sur les enjeux humains, sociaux et environnementaux avec une farouche envie d&#8217;aller plus loin que les formats propos\u00e9s par le hard news<strong data-start=\"730\" data-end=\"777\">. <\/strong>\u00a0C&#8217;est pourquoi j&#8217;ai r\u00e9alis\u00e9 et tourn\u00e9 plusieurs documentaires, diffus\u00e9s notamment sur BFM &#8220;Ligne Rouge&#8221; et en auto production interrogeant notre mani\u00e8re de vivre ensemble.<\/p><p class=\"\" data-start=\"1061\" data-end=\"1484\">En 2025, je fonde <strong data-start=\"1083\" data-end=\"1105\">Hulotte Production, <\/strong>un clin d&#8217;\u0153il \u00e0 l\u2019animal discret et observateur avec la volont\u00e9 de mettre en lumi\u00e8re le lien entre l\u2019\u00eatre humain et son environnement. Hulotte Production s\u2019adresse\u00a0 aux entreprises, aux collectivit\u00e9s, \u00e0 tous les acteurs engag\u00e9s pour une meilleure compr\u00e9hension de notre environnement et ce qui en fait sa singularit\u00e9.<\/p><p class=\"\" data-start=\"1061\" data-end=\"1484\">Chaque projet men\u00e9, est pens\u00e9 comme une rencontre avec pour objectif de donner du sens, transmettre, faire comprendre\u2026 et, peut-\u00eatre, changer les regards.<\/p>\t\t\t\t\t\t\t\t<\/div>\n\t\t\t\t<\/div>\n\t\t\t\t<\/div>\n\t\t\t\t<\/div>\n\t\t","protected":false},"excerpt":{"rendered":"<p>A propos de Romain Poisot Je suis journaliste depuis plus de 15 ans, d&#8217;abord pour Radio France puis RMC et\u00a0RMC Story. Je travaille aussi bien en vid\u00e9o qu&#8217;en\u00a0radio avec une exigence constante sur le fond comme sur la forme. Au fil des ann\u00e9es j&#8217;ai aff\u00fbt\u00e9 mon regard\u00a0 sur les enjeux humains, sociaux et environnementaux avec [&hellip;]<\/p>\n","protected":false},"author":1,"featured_media":0,"parent":0,"menu_order":0,"comment_status":"closed","ping_status":"closed","template":"page-right-sidebar","meta":{"footnotes":""},"class_list":["post-47","page","type-page","status-publish","hentry"],"_links":{"self":[{"href":"http:\/\/hyxaase.cluster100.hosting.ovh.net\/index.php\/wp-json\/wp\/v2\/pages\/47","targetHints":{"allow":["GET"]}}],"collection":[{"href":"http:\/\/hyxaase.cluster100.hosting.ovh.net\/index.php\/wp-json\/wp\/v2\/pages"}],"about":[{"href":"http:\/\/hyxaase.cluster100.hosting.ovh.net\/index.php\/wp-json\/wp\/v2\/types\/page"}],"author":[{"embeddable":true,"href":"http:\/\/hyxaase.cluster100.hosting.ovh.net\/index.php\/wp-json\/wp\/v2\/users\/1"}],"replies":[{"embeddable":true,"href":"http:\/\/hyxaase.cluster100.hosting.ovh.net\/index.php\/wp-json\/wp\/v2\/comments?post=47"}],"version-history":[{"count":16,"href":"http:\/\/hyxaase.cluster100.hosting.ovh.net\/index.php\/wp-json\/wp\/v2\/pages\/47\/revisions"}],"predecessor-version":[{"id":148,"href":"http:\/\/hyxaase.cluster100.hosting.ovh.net\/index.php\/wp-json\/wp\/v2\/pages\/47\/revisions\/148"}],"wp:attachment":[{"href":"http:\/\/hyxaase.cluster100.hosting.ovh.net\/index.php\/wp-json\/wp\/v2\/media?parent=47"}],"curies":[{"name":"wp","href":"https:\/\/api.w.org\/{rel}","templated":true}]}}